{"id":49,"date":"2025-07-01T16:39:48","date_gmt":"2025-07-01T14:39:48","guid":{"rendered":"https:\/\/web.teniskounice.cz\/?page_id=49"},"modified":"2026-03-20T13:33:02","modified_gmt":"2026-03-20T12:33:02","slug":"kontakt","status":"publish","type":"page","link":"https:\/\/teniskounice.cz\/index.php\/kontakt\/","title":{"rendered":"Kontakt"},"content":{"rendered":"\t\t<div data-elementor-type=\"wp-page\" data-elementor-id=\"49\" class=\"elementor elementor-49\">\n\t\t\t\t<div class=\"elementor-element elementor-element-4a1d809 e-con-full e-flex e-con e-parent\" data-id=\"4a1d809\" data-element_type=\"container\">\n\t\t\t\t<div class=\"elementor-element elementor-element-eee5d7d elementor-widget elementor-widget-text-editor\" data-id=\"eee5d7d\" data-element_type=\"widget\" data-widget_type=\"text-editor.default\">\n\t\t\t\t\t\t\t\t\t<p class=\"p1\">P\u0159edseda klubu: Jarom\u00edr Varhan\u00edk<br \/>Telefon: 774 368 824<br \/>e-mail:\u00a0<a href=\"mailto:info@teniskounice.cz\" target=\"_blank\" rel=\"noopener\">info@teniskounice.cz<\/a><\/p><p class=\"p1\">TJ Sokol Kounice, z.s.<br \/>289 15 Kounice 483<br \/>I\u010cO: 41485777<\/p>\t\t\t\t\t\t\t\t<\/div>\n\t\t\t\t<\/div>\n\t\t<div class=\"elementor-element elementor-element-b524050 e-flex e-con-boxed e-con e-parent\" data-id=\"b524050\" data-element_type=\"container\">\n\t\t\t\t\t<div class=\"e-con-inner\">\n\t\t\t\t<div class=\"elementor-element elementor-element-4eedd69 elementor-widget elementor-widget-google_maps\" data-id=\"4eedd69\" data-element_type=\"widget\" data-widget_type=\"google_maps.default\">\n\t\t\t\t\t\t\t<div class=\"elementor-custom-embed\">\n\t\t\t<iframe loading=\"lazy\"\n\t\t\t\t\tsrc=\"https:\/\/maps.google.com\/maps?q=Kounice%20483&#038;t=m&#038;z=17&#038;output=embed&#038;iwloc=near\"\n\t\t\t\t\ttitle=\"Kounice 483\"\n\t\t\t\t\taria-label=\"Kounice 483\"\n\t\t\t><\/iframe>\n\t\t<\/div>\n\t\t\t\t\t\t<\/div>\n\t\t\t\t\t<\/div>\n\t\t\t\t<\/div>\n\t\t\t\t<\/div>\n\t\t","protected":false},"excerpt":{"rendered":"<p>P\u0159edseda klubu: Jarom\u00edr Varhan\u00edkTelefon: 774 368 824e-mail:\u00a0info@teniskounice.cz TJ Sokol Kounice, z.s.289 15 Kounice 483I\u010cO: 41485777<\/p>\n","protected":false},"author":1,"featured_media":0,"parent":0,"menu_order":0,"comment_status":"closed","ping_status":"closed","template":"","meta":{"inline_featured_image":false,"footnotes":""},"class_list":["post-49","page","type-page","status-publish","hentry"],"yoast_head":"<!-- This site is optimized with the Yoast SEO plugin v25.4 - https:\/\/yoast.com\/wordpress\/plugins\/seo\/ -->\n<title>Kontakt -<\/title>\n<meta name=\"robots\" content=\"index, follow, max-snippet:-1, max-image-preview:large, max-video-preview:-1\" \/>\n<link rel=\"canonical\" href=\"https:\/\/teniskounice.cz\/index.php\/kontakt\/\" \/>\n<meta property=\"og:locale\" content=\"cs_CZ\" \/>\n<meta property=\"og:type\" content=\"article\" \/>\n<meta property=\"og:title\" content=\"Kontakt -\" \/>\n<meta property=\"og:description\" content=\"P\u0159edseda klubu: Jarom\u00edr Varhan\u00edkTelefon: 774 368 824e-mail:\u00a0info@teniskounice.cz TJ Sokol Kounice, z.s.289 15 Kounice 483I\u010cO: 41485777\" \/>\n<meta property=\"og:url\" content=\"https:\/\/teniskounice.cz\/index.php\/kontakt\/\" \/>\n<meta property=\"article:modified_time\" content=\"2026-03-20T12:33:02+00:00\" \/>\n<meta name=\"twitter:card\" content=\"summary_large_image\" \/>\n<meta name=\"twitter:label1\" content=\"Odhadovan\u00e1 doba \u010dten\u00ed\" \/>\n\t<meta name=\"twitter:data1\" content=\"1 minuta\" \/>\n<script type=\"application\/ld+json\" class=\"yoast-schema-graph\">{\"@context\":\"https:\/\/schema.org\",\"@graph\":[{\"@type\":\"WebPage\",\"@id\":\"https:\/\/teniskounice.cz\/index.php\/kontakt\/\",\"url\":\"https:\/\/teniskounice.cz\/index.php\/kontakt\/\",\"name\":\"Kontakt -\",\"isPartOf\":{\"@id\":\"https:\/\/teniskounice.cz\/#website\"},\"datePublished\":\"2025-07-01T14:39:48+00:00\",\"dateModified\":\"2026-03-20T12:33:02+00:00\",\"breadcrumb\":{\"@id\":\"https:\/\/teniskounice.cz\/index.php\/kontakt\/#breadcrumb\"},\"inLanguage\":\"cs\",\"potentialAction\":[{\"@type\":\"ReadAction\",\"target\":[\"https:\/\/teniskounice.cz\/index.php\/kontakt\/\"]}]},{\"@type\":\"BreadcrumbList\",\"@id\":\"https:\/\/teniskounice.cz\/index.php\/kontakt\/#breadcrumb\",\"itemListElement\":[{\"@type\":\"ListItem\",\"position\":1,\"name\":\"Dom\u016f\",\"item\":\"https:\/\/teniskounice.cz\/\"},{\"@type\":\"ListItem\",\"position\":2,\"name\":\"Kontakt\"}]},{\"@type\":\"WebSite\",\"@id\":\"https:\/\/teniskounice.cz\/#website\",\"url\":\"https:\/\/teniskounice.cz\/\",\"name\":\"teniskounice.cz\",\"description\":\"Tenis Kounice\",\"potentialAction\":[{\"@type\":\"SearchAction\",\"target\":{\"@type\":\"EntryPoint\",\"urlTemplate\":\"https:\/\/teniskounice.cz\/?s={search_term_string}\"},\"query-input\":{\"@type\":\"PropertyValueSpecification\",\"valueRequired\":true,\"valueName\":\"search_term_string\"}}],\"inLanguage\":\"cs\"}]}<\/script>\n<!-- \/ Yoast SEO plugin. -->","yoast_head_json":{"title":"Kontakt -","robots":{"index":"index","follow":"follow","max-snippet":"max-snippet:-1","max-image-preview":"max-image-preview:large","max-video-preview":"max-video-preview:-1"},"canonical":"https:\/\/teniskounice.cz\/index.php\/kontakt\/","og_locale":"cs_CZ","og_type":"article","og_title":"Kontakt -","og_description":"P\u0159edseda klubu: Jarom\u00edr Varhan\u00edkTelefon: 774 368 824e-mail:\u00a0info@teniskounice.cz TJ Sokol Kounice, z.s.289 15 Kounice 483I\u010cO: 41485777","og_url":"https:\/\/teniskounice.cz\/index.php\/kontakt\/","article_modified_time":"2026-03-20T12:33:02+00:00","twitter_card":"summary_large_image","twitter_misc":{"Odhadovan\u00e1 doba \u010dten\u00ed":"1 minuta"},"schema":{"@context":"https:\/\/schema.org","@graph":[{"@type":"WebPage","@id":"https:\/\/teniskounice.cz\/index.php\/kontakt\/","url":"https:\/\/teniskounice.cz\/index.php\/kontakt\/","name":"Kontakt -","isPartOf":{"@id":"https:\/\/teniskounice.cz\/#website"},"datePublished":"2025-07-01T14:39:48+00:00","dateModified":"2026-03-20T12:33:02+00:00","breadcrumb":{"@id":"https:\/\/teniskounice.cz\/index.php\/kontakt\/#breadcrumb"},"inLanguage":"cs","potentialAction":[{"@type":"ReadAction","target":["https:\/\/teniskounice.cz\/index.php\/kontakt\/"]}]},{"@type":"BreadcrumbList","@id":"https:\/\/teniskounice.cz\/index.php\/kontakt\/#breadcrumb","itemListElement":[{"@type":"ListItem","position":1,"name":"Dom\u016f","item":"https:\/\/teniskounice.cz\/"},{"@type":"ListItem","position":2,"name":"Kontakt"}]},{"@type":"WebSite","@id":"https:\/\/teniskounice.cz\/#website","url":"https:\/\/teniskounice.cz\/","name":"teniskounice.cz","description":"Tenis Kounice","potentialAction":[{"@type":"SearchAction","target":{"@type":"EntryPoint","urlTemplate":"https:\/\/teniskounice.cz\/?s={search_term_string}"},"query-input":{"@type":"PropertyValueSpecification","valueRequired":true,"valueName":"search_term_string"}}],"inLanguage":"cs"}]}},"_links":{"self":[{"href":"https:\/\/teniskounice.cz\/index.php\/wp-json\/wp\/v2\/pages\/49","targetHints":{"allow":["GET"]}}],"collection":[{"href":"https:\/\/teniskounice.cz\/index.php\/wp-json\/wp\/v2\/pages"}],"about":[{"href":"https:\/\/teniskounice.cz\/index.php\/wp-json\/wp\/v2\/types\/page"}],"author":[{"embeddable":true,"href":"https:\/\/teniskounice.cz\/index.php\/wp-json\/wp\/v2\/users\/1"}],"replies":[{"embeddable":true,"href":"https:\/\/teniskounice.cz\/index.php\/wp-json\/wp\/v2\/comments?post=49"}],"version-history":[{"count":31,"href":"https:\/\/teniskounice.cz\/index.php\/wp-json\/wp\/v2\/pages\/49\/revisions"}],"predecessor-version":[{"id":134,"href":"https:\/\/teniskounice.cz\/index.php\/wp-json\/wp\/v2\/pages\/49\/revisions\/134"}],"wp:attachment":[{"href":"https:\/\/teniskounice.cz\/index.php\/wp-json\/wp\/v2\/media?parent=49"}],"curies":[{"name":"wp","href":"https:\/\/api.w.org\/{rel}","templated":true}]}}