{"id":96,"date":"2025-07-02T13:27:39","date_gmt":"2025-07-02T11:27:39","guid":{"rendered":"https:\/\/web.teniskounice.cz\/?page_id=96"},"modified":"2025-07-07T09:29:22","modified_gmt":"2025-07-07T07:29:22","slug":"cenik","status":"publish","type":"page","link":"https:\/\/teniskounice.cz\/index.php\/cenik\/","title":{"rendered":"Platba"},"content":{"rendered":"\t\t<div data-elementor-type=\"wp-page\" data-elementor-id=\"96\" class=\"elementor elementor-96\">\n\t\t\t\t<div class=\"elementor-element elementor-element-99b110b e-flex e-con-boxed e-con e-parent\" data-id=\"99b110b\" data-element_type=\"container\">\n\t\t\t\t\t<div class=\"e-con-inner\">\n\t\t\t\t<div class=\"elementor-element elementor-element-113ea40 elementor-widget elementor-widget-text-editor\" data-id=\"113ea40\" data-element_type=\"widget\" data-widget_type=\"text-editor.default\">\n\t\t\t\t\t\t\t\t\t<p>Cena za pron\u00e1jem antukov\u00e9ho kurtu je 200 K\u010d\/h. Hrac\u00ed hodina trv\u00e1 55 minut, posledn\u00edch 5 minut je ur\u010deno na \u00fapravu kurtu.<\/p><p>\u00dahradu pron\u00e1jmu prove\u010fte p\u0159ed \u010di bezprost\u0159edn\u011b po skon\u010den\u00ed hry na n\u00ed\u017ee uveden\u00fd \u00fa\u010det dle QR k\u00f3du. P\u0159ednastaven\u00e1 \u010d\u00e1stka je 200 K\u010d. Pokud hrajete d\u00e9le, \u010d\u00e1stku si adekv\u00e1tn\u011b upravte. D\u011bkujeme a p\u0159ejeme p\u0159\u00edjemnou hru!<\/p><p>\u00a0<\/p>\t\t\t\t\t\t\t\t<\/div>\n\t\t\t\t\t<\/div>\n\t\t\t\t<\/div>\n\t\t<div class=\"elementor-element elementor-element-a67ea99 e-flex e-con-boxed e-con e-parent\" data-id=\"a67ea99\" data-element_type=\"container\">\n\t\t\t\t\t<div class=\"e-con-inner\">\n\t\t\t\t<div class=\"elementor-element elementor-element-ddcf924 elementor-widget elementor-widget-text-editor\" data-id=\"ddcf924\" data-element_type=\"widget\" data-widget_type=\"text-editor.default\">\n\t\t\t\t\t\t\t\t\t<p>Bankovn\u00ed \u00fa\u010det: 355046980\/0300\u00a0 \u00a0<\/p><p><img decoding=\"async\" class=\"alignnone  wp-image-98\" src=\"http:\/\/web.teniskounice.cz\/wp-content\/uploads\/2025\/07\/Sni\u0301mek-obrazovky-2025-07-02-v-13.33.54-300x298.png\" alt=\"\" width=\"88\" height=\"87\" srcset=\"https:\/\/teniskounice.cz\/wp-content\/uploads\/2025\/07\/Sni\u0301mek-obrazovky-2025-07-02-v-13.33.54-300x298.png 300w, https:\/\/teniskounice.cz\/wp-content\/uploads\/2025\/07\/Sni\u0301mek-obrazovky-2025-07-02-v-13.33.54-700x696.png 700w, https:\/\/teniskounice.cz\/wp-content\/uploads\/2025\/07\/Sni\u0301mek-obrazovky-2025-07-02-v-13.33.54-150x150.png 150w, https:\/\/teniskounice.cz\/wp-content\/uploads\/2025\/07\/Sni\u0301mek-obrazovky-2025-07-02-v-13.33.54-768x763.png 768w, https:\/\/teniskounice.cz\/wp-content\/uploads\/2025\/07\/Sni\u0301mek-obrazovky-2025-07-02-v-13.33.54-800x795.png 800w, https:\/\/teniskounice.cz\/wp-content\/uploads\/2025\/07\/Sni\u0301mek-obrazovky-2025-07-02-v-13.33.54.png 944w\" sizes=\"(max-width: 88px) 100vw, 88px\" \/><\/p><p>\u00a0<\/p>\t\t\t\t\t\t\t\t<\/div>\n\t\t\t\t\t<\/div>\n\t\t\t\t<\/div>\n\t\t\t\t<\/div>\n\t\t","protected":false},"excerpt":{"rendered":"<p>Cena za pron\u00e1jem antukov\u00e9ho kurtu je 200 K\u010d\/h. Hrac\u00ed hodina trv\u00e1 55 minut, posledn\u00edch 5 minut je ur\u010deno na \u00fapravu kurtu. \u00dahradu pron\u00e1jmu prove\u010fte p\u0159ed \u010di bezprost\u0159edn\u011b po skon\u010den\u00ed hry na n\u00ed\u017ee uveden\u00fd \u00fa\u010det dle QR k\u00f3du. P\u0159ednastaven\u00e1 \u010d\u00e1stka je 200 K\u010d. Pokud hrajete d\u00e9le, \u010d\u00e1stku si adekv\u00e1tn\u011b upravte. D\u011bkujeme a p\u0159ejeme p\u0159\u00edjemnou hru! \u00a0&#8230;<\/p>\n","protected":false},"author":1,"featured_media":0,"parent":0,"menu_order":0,"comment_status":"closed","ping_status":"closed","template":"","meta":{"inline_featured_image":false,"footnotes":""},"class_list":["post-96","page","type-page","status-publish","hentry"],"yoast_head":"<!-- This site is optimized with the Yoast SEO plugin v25.4 - https:\/\/yoast.com\/wordpress\/plugins\/seo\/ -->\n<title>Platba -<\/title>\n<meta name=\"robots\" content=\"index, follow, max-snippet:-1, max-image-preview:large, max-video-preview:-1\" \/>\n<link rel=\"canonical\" href=\"https:\/\/teniskounice.cz\/index.php\/cenik\/\" \/>\n<meta property=\"og:locale\" content=\"cs_CZ\" \/>\n<meta property=\"og:type\" content=\"article\" \/>\n<meta property=\"og:title\" content=\"Platba -\" \/>\n<meta property=\"og:description\" content=\"Cena za pron\u00e1jem antukov\u00e9ho kurtu je 200 K\u010d\/h. Hrac\u00ed hodina trv\u00e1 55 minut, posledn\u00edch 5 minut je ur\u010deno na \u00fapravu kurtu. \u00dahradu pron\u00e1jmu prove\u010fte p\u0159ed \u010di bezprost\u0159edn\u011b po skon\u010den\u00ed hry na n\u00ed\u017ee uveden\u00fd \u00fa\u010det dle QR k\u00f3du. P\u0159ednastaven\u00e1 \u010d\u00e1stka je 200 K\u010d. Pokud hrajete d\u00e9le, \u010d\u00e1stku si adekv\u00e1tn\u011b upravte. D\u011bkujeme a p\u0159ejeme p\u0159\u00edjemnou hru! \u00a0...\" \/>\n<meta property=\"og:url\" content=\"https:\/\/teniskounice.cz\/index.php\/cenik\/\" \/>\n<meta property=\"article:modified_time\" content=\"2025-07-07T07:29:22+00:00\" \/>\n<meta name=\"twitter:card\" content=\"summary_large_image\" \/>\n<meta name=\"twitter:label1\" content=\"Odhadovan\u00e1 doba \u010dten\u00ed\" \/>\n\t<meta name=\"twitter:data1\" content=\"1 minuta\" \/>\n<script type=\"application\/ld+json\" class=\"yoast-schema-graph\">{\"@context\":\"https:\/\/schema.org\",\"@graph\":[{\"@type\":\"WebPage\",\"@id\":\"https:\/\/teniskounice.cz\/index.php\/cenik\/\",\"url\":\"https:\/\/teniskounice.cz\/index.php\/cenik\/\",\"name\":\"Platba -\",\"isPartOf\":{\"@id\":\"https:\/\/teniskounice.cz\/#website\"},\"datePublished\":\"2025-07-02T11:27:39+00:00\",\"dateModified\":\"2025-07-07T07:29:22+00:00\",\"breadcrumb\":{\"@id\":\"https:\/\/teniskounice.cz\/index.php\/cenik\/#breadcrumb\"},\"inLanguage\":\"cs\",\"potentialAction\":[{\"@type\":\"ReadAction\",\"target\":[\"https:\/\/teniskounice.cz\/index.php\/cenik\/\"]}]},{\"@type\":\"BreadcrumbList\",\"@id\":\"https:\/\/teniskounice.cz\/index.php\/cenik\/#breadcrumb\",\"itemListElement\":[{\"@type\":\"ListItem\",\"position\":1,\"name\":\"Dom\u016f\",\"item\":\"https:\/\/teniskounice.cz\/\"},{\"@type\":\"ListItem\",\"position\":2,\"name\":\"Platba\"}]},{\"@type\":\"WebSite\",\"@id\":\"https:\/\/teniskounice.cz\/#website\",\"url\":\"https:\/\/teniskounice.cz\/\",\"name\":\"teniskounice.cz\",\"description\":\"Tenis Kounice\",\"potentialAction\":[{\"@type\":\"SearchAction\",\"target\":{\"@type\":\"EntryPoint\",\"urlTemplate\":\"https:\/\/teniskounice.cz\/?s={search_term_string}\"},\"query-input\":{\"@type\":\"PropertyValueSpecification\",\"valueRequired\":true,\"valueName\":\"search_term_string\"}}],\"inLanguage\":\"cs\"}]}<\/script>\n<!-- \/ Yoast SEO plugin. -->","yoast_head_json":{"title":"Platba -","robots":{"index":"index","follow":"follow","max-snippet":"max-snippet:-1","max-image-preview":"max-image-preview:large","max-video-preview":"max-video-preview:-1"},"canonical":"https:\/\/teniskounice.cz\/index.php\/cenik\/","og_locale":"cs_CZ","og_type":"article","og_title":"Platba -","og_description":"Cena za pron\u00e1jem antukov\u00e9ho kurtu je 200 K\u010d\/h. Hrac\u00ed hodina trv\u00e1 55 minut, posledn\u00edch 5 minut je ur\u010deno na \u00fapravu kurtu. \u00dahradu pron\u00e1jmu prove\u010fte p\u0159ed \u010di bezprost\u0159edn\u011b po skon\u010den\u00ed hry na n\u00ed\u017ee uveden\u00fd \u00fa\u010det dle QR k\u00f3du. P\u0159ednastaven\u00e1 \u010d\u00e1stka je 200 K\u010d. Pokud hrajete d\u00e9le, \u010d\u00e1stku si adekv\u00e1tn\u011b upravte. D\u011bkujeme a p\u0159ejeme p\u0159\u00edjemnou hru! \u00a0...","og_url":"https:\/\/teniskounice.cz\/index.php\/cenik\/","article_modified_time":"2025-07-07T07:29:22+00:00","twitter_card":"summary_large_image","twitter_misc":{"Odhadovan\u00e1 doba \u010dten\u00ed":"1 minuta"},"schema":{"@context":"https:\/\/schema.org","@graph":[{"@type":"WebPage","@id":"https:\/\/teniskounice.cz\/index.php\/cenik\/","url":"https:\/\/teniskounice.cz\/index.php\/cenik\/","name":"Platba -","isPartOf":{"@id":"https:\/\/teniskounice.cz\/#website"},"datePublished":"2025-07-02T11:27:39+00:00","dateModified":"2025-07-07T07:29:22+00:00","breadcrumb":{"@id":"https:\/\/teniskounice.cz\/index.php\/cenik\/#breadcrumb"},"inLanguage":"cs","potentialAction":[{"@type":"ReadAction","target":["https:\/\/teniskounice.cz\/index.php\/cenik\/"]}]},{"@type":"BreadcrumbList","@id":"https:\/\/teniskounice.cz\/index.php\/cenik\/#breadcrumb","itemListElement":[{"@type":"ListItem","position":1,"name":"Dom\u016f","item":"https:\/\/teniskounice.cz\/"},{"@type":"ListItem","position":2,"name":"Platba"}]},{"@type":"WebSite","@id":"https:\/\/teniskounice.cz\/#website","url":"https:\/\/teniskounice.cz\/","name":"teniskounice.cz","description":"Tenis Kounice","potentialAction":[{"@type":"SearchAction","target":{"@type":"EntryPoint","urlTemplate":"https:\/\/teniskounice.cz\/?s={search_term_string}"},"query-input":{"@type":"PropertyValueSpecification","valueRequired":true,"valueName":"search_term_string"}}],"inLanguage":"cs"}]}},"_links":{"self":[{"href":"https:\/\/teniskounice.cz\/index.php\/wp-json\/wp\/v2\/pages\/96","targetHints":{"allow":["GET"]}}],"collection":[{"href":"https:\/\/teniskounice.cz\/index.php\/wp-json\/wp\/v2\/pages"}],"about":[{"href":"https:\/\/teniskounice.cz\/index.php\/wp-json\/wp\/v2\/types\/page"}],"author":[{"embeddable":true,"href":"https:\/\/teniskounice.cz\/index.php\/wp-json\/wp\/v2\/users\/1"}],"replies":[{"embeddable":true,"href":"https:\/\/teniskounice.cz\/index.php\/wp-json\/wp\/v2\/comments?post=96"}],"version-history":[{"count":13,"href":"https:\/\/teniskounice.cz\/index.php\/wp-json\/wp\/v2\/pages\/96\/revisions"}],"predecessor-version":[{"id":130,"href":"https:\/\/teniskounice.cz\/index.php\/wp-json\/wp\/v2\/pages\/96\/revisions\/130"}],"wp:attachment":[{"href":"https:\/\/teniskounice.cz\/index.php\/wp-json\/wp\/v2\/media?parent=96"}],"curies":[{"name":"wp","href":"https:\/\/api.w.org\/{rel}","templated":true}]}}